{"id":1357,"date":"2021-04-06T11:33:36","date_gmt":"2021-04-06T08:33:36","guid":{"rendered":"https:\/\/www.vagodent.ee\/veebibroneering\/"},"modified":"2021-04-30T14:21:27","modified_gmt":"2021-04-30T11:21:27","slug":"veebibroneering","status":"publish","type":"page","link":"https:\/\/www.vagodent.ee\/ru\/veebibroneering\/","title":{"rendered":"Veebibroneering RUS"},"content":{"rendered":"<p>[vc_row][vc_column][vc_column_text]Veebi kaudu registreerides pole k\u00f5ik patsientidele pakutavad ajad k\u00e4ttesaadavad.<\/p>\n<p>Sobiva aja puudumisel p\u00f6\u00f6rduge palun kliiniku registratuuri poole telefoni v\u00f5i e-kirja teel. <a class=\"toggle-reg-by-email-form\" href=\"#reg-by-email-form\" data-target=\"reg-by-email-form\">Registreeri e-kirja teel<\/a>[\/vc_column_text][\/vc_column][\/vc_row][vc_row el_id=&#8221;appointment-form&#8221; el_class=&#8221;appointment-form&#8221;][vc_column css_animation=&#8221;none&#8221; el_id=&#8221;reg-by-email-form&#8221; el_class=&#8221;hidden&#8221;]            <div class=\"appoint-var-three clearfix\">\n                <div class=\"container\">\n                    <div class=\"row\">\n                        <div class=\"col-lg-12 col-md-12 col-sm-12 \">\n                            <div class=\"appointment-form clearfix \">\n                                <form class=\"clearfix\" id=\"appointment_form_two\" action=\"https:\/\/www.vagodent.ee\/wp-admin\/admin-ajax.php\" method=\"post\" >\n                                    <div class=\"col-lg-6 col-md-6 col-sm-6 common\">\n                                        <input type=\"text\" name=\"name\" id=\"app-name\" class=\"required\" placeholder=\"\u0418\u043c\u044f, \u0444\u0430\u043c\u0438\u043b\u0438\u044f\" \/>\n                                    <\/div>\n                                    <div class=\"col-lg-6 col-md-6 col-sm-6 common\">\n                                        <input type=\"text\" name=\"personalcode\" id=\"app-personalcode\" class=\"required\" placeholder=\"\u041b\u0438\u0447\u043d\u044b\u0439 \u043a\u043e\u0434\" \/>\n                                    <\/div>\n                                    <div class=\"col-lg-6 col-md-6 col-sm-6 common\">\n                                        <input type=\"text\" name=\"number\" id=\"app-number\" class=\"\" placeholder=\"\u0422\u0435\u043b\u0435\u0444\u043e\u043d\"\/>\n                                    <\/div>\n                                    <div class=\"col-lg-6 col-md-6 col-sm-6 common\">\n                                        <input type=\"email\" name=\"email\" id=\"app-email\" class=\"required email\" placeholder=\"\u042d\u043b\u0435\u043a\u0442\u0440\u043e\u043d\u043d\u0430\u044f \u043f\u043e\u0447\u0442\u0430\"\/>\n                                    <\/div>\n                                    <div class=\"col-lg-12 col-md-12 col-sm-12 common\">\n                                        <input type=\"text\" name=\"doctor_name\" id=\"app-doctor_name\" class=\"required\" placeholder=\"\u0418\u043c\u044f \u0438 \u0444\u0430\u043c\u0438\u043b\u0438\u044f \u0432\u0440\u0430\u0447\u0430, \u043d\u0430 \u043f\u0440\u0438\u0435\u043c \u043a \u043a\u043e\u0442\u043e\u0440\u043e\u043c\u0443 \u0432\u044b \u0445\u043e\u0442\u0438\u0442\u0435 \u0437\u0430\u043f\u0438\u0441\u0430\u0442\u044c\u0441\u044f\" \/>\n                                    <\/div>\n                                    <div class=\"col-lg-12 col-md-12 col-sm-12 common\">\n                                        <input type=\"text\" name=\"member\" id=\"app-member\" placeholder=\"\u042f\u0432\u043b\u044f\u0435\u0442\u0435\u0441\u044c \u043b\u0438 \u0432\u044b \u043f\u0430\u0446\u0438\u0435\u043d\u0442\u043e\u043c \u043a\u043b\u0438\u043d\u0438\u043a\u0438 Vagodent?\"\/>\n                                    <\/div>\n                                    <div class=\"col-lg-12 col-md-12 col-sm-12 common\">\n                                        <textarea name=\"message\" id=\"app-message\" class=\"required\" cols=\"50\" rows=\"1\" placeholder=\"\u041f\u0440\u0438\u0447\u0438\u043d\u0430 \u0440\u0435\u0433\u0438\u0441\u0442\u0440\u0430\u0446\u0438\u0438. (\u043f\u0440\u043e\u0444\u0438\u043b\u0430\u043a\u0442\u0438\u0447\u0435\u0441\u043a\u0438\u0439 \u0432\u0438\u0437\u0438\u0442, \u0431\u043e\u043b\u044c \u0438 \u0442. \u043f.)\"><\/textarea>\n                                    <\/div>\n                                    <div class=\"col-lg-12 col-md-12 col-sm-12 common\" style=\"padding-bottom:10px\">\n                                        <input type=\"hidden\" name=\"agree\" value=\"Ei\">\n                                        <input class=\"required\" type=\"checkbox\" name=\"agree\" id=\"agree\" value=\"Jah\">\n                                        <small ><p>\u041d\u0430\u0441\u0442\u043e\u044f\u0449\u0438\u043c \u044f \u0434\u0430\u044e \u0441\u0432\u043e\u0435 \u0441\u043e\u0433\u043b\u0430\u0441\u0438\u0435 \u043f\u0430\u0435\u0432\u043e\u043c\u0443 \u0442\u043e\u0432\u0430\u0440\u0438\u0449\u0435\u0441\u0442\u0432\u0443 Vagodent O\u00dc \u043d\u0430 \u043e\u0431\u0440\u0430\u0431\u043e\u0442\u043a\u0443 \u043f\u0435\u0440\u0435\u0434\u0430\u043d\u043d\u044b\u0445 \u043c\u043d\u043e\u0439 \u043f\u0435\u0440\u0441\u043e\u043d\u0430\u043b\u044c\u043d\u044b\u0445 \u0434\u0430\u043d\u043d\u044b\u0445. \u041f\u0440\u043e\u0441\u0438\u043c \u043e\u0437\u043d\u0430\u043a\u043e\u043c\u0438\u0442\u044c\u0441\u044f \u0441 \u043d\u0430\u0448\u0435\u0439 <a href=\"https:\/\/www.vagodent.ee\/ru\/%d0%bf%d0%be%d0%bb%d0%b8%d1%82%d0%b8%d0%ba%d0%b0-%d0%ba%d0%be%d0%bd%d1%84%d0%b8%d0%b4%d0%b5%d0%bd%d1%86%d0%b8%d0%b0%d0%bb%d1%8c%d0%bd%d0%be%d1%81%d1%82%d0%b8\/\">\u043f\u043e\u043b\u0438\u0442\u0438\u043a\u043e\u0439 \u043a\u043e\u043d\u0444\u0438\u0434\u0435\u043d\u0446\u0438\u0430\u043b\u044c\u043d\u043e\u0441\u0442\u0438 \u0438 \u043f\u0440\u0438\u043d\u0446\u0438\u043f\u0430\u043c\u0438 \u0437\u0430\u0449\u0438\u0442\u044b \u043f\u0435\u0440\u0441\u043e\u043d\u0430\u043b\u044c\u043d\u044b\u0445 \u0434\u0430\u043d\u043d\u044b\u0445<\/a>.<\/p>\n<\/small>\n                                    <\/div>\n\n                                                                            <div class=\"col-sm-12 common\">\n                                            <input type=\"hidden\" name=\"recaptcha\" value=\"true\" \/>\n                                                <div class=\"g-recaptcha\" data-sitekey=\"6LdbLFMUAAAAAEdzowDeQtz3ngm-n_j8KnHAhiPm\"><\/div>\r\n    <noscript>\r\n        <div>\r\n            <div style=\"width: 302px; height: 422px; position: relative;\">\r\n                <div style=\"width: 302px; height: 422px; position: absolute;\">\r\n                    <iframe src=\"https:\/\/www.google.com\/recaptcha\/api\/fallback?k=6LdbLFMUAAAAAEdzowDeQtz3ngm-n_j8KnHAhiPm&hl=ru\"\r\n                            frameborder=\"0\" scrolling=\"no\"\r\n                            style=\"width: 302px; height:422px; border-style: none;\">\r\n                    <\/iframe>\r\n                <\/div>\r\n            <\/div>\r\n            <div style=\"width: 300px; height: 60px; border-style: none;\r\n                   bottom: 12px; left: 25px; margin: 0px; padding: 0px; right: 25px;\r\n                   background: #f9f9f9; border: 1px solid #c1c1c1; border-radius: 3px;\">\r\n      <textarea id=\"g-recaptcha-response\" name=\"g-recaptcha-response\"\r\n                class=\"g-recaptcha-response\"\r\n                style=\"width: 250px; height: 40px; border: 1px solid #c1c1c1;\r\n                          margin: 10px 25px; padding: 0px; resize: none;\">\r\n      <\/textarea>\r\n            <\/div>\r\n        <\/div>\r\n    <\/noscript>\r\n    \r\n                                            <\/div>\n                                        \n                                    <div class=\"col-lg-12 col-md-12 col-sm-12 common\">\n                                        <input type=\"submit\" name=\"Submit\" class=\"btn\" value=\"\u0417\u0430\u0440\u0435\u0433\u0438\u0441\u0442\u0440\u0438\u0440\u043e\u0432\u0430\u0442\u044c\u0441\u044f\" \/>\n                                        <br\/>\n                                        <input type=\"hidden\" name=\"action\" value=\"make_appointment\">\n                                        <input type=\"hidden\" name=\"nonce\" value=\"b0920baef4\" \/>\n                                        <img decoding=\"async\" src=\"https:\/\/www.vagodent.ee\/wp-content\/themes\/inspiry-medicalpress\/images\/white-loader.gif\" id=\"appointment-loader\" alt=\"Loading...\">\n                                        <div id=\"message-sent\"><\/div>\n                                    <\/div>\n                                <\/form>\n                            <\/div>\n                        <\/div>\n                    <\/div>\n                <\/div>\n            <\/div>\n            [\/vc_column][\/vc_row][vc_row][vc_column][vc_column_text]<\/p>\n<hr \/>\n<h2>Veebibroneering<\/h2>\n      <div class=\"hp-calendar-container\">\n          <div class=\"hp-calendar\" data-clinics=\"\" data-default_service=\"\" \n\t\t\tdata-metainfo=\"MS41LjEy\" get_next_if_nothing=\"\" show_location=\"\" show_clinic=\"\" data-default_clinic=\"\" apix=\"0\">      <\/div>\n      <div class=\"hp-calendar-info\">\n      <\/div>\n        <input type=\"hidden\" id=\"_wpnonce\" name=\"_wpnonce\" value=\"9146c18153\" \/><input type=\"hidden\" name=\"_wp_http_referer\" value=\"\/ru\/wp-json\/wp\/v2\/pages\/1357\" \/>\n<hr \/>\n<h2>Teave visiidi t\u00fchistamise kohta:<\/h2>\n<p>Kui olete registreerunud vastuv\u00f5tule, kuid teil ei ole v\u00f5imalik kohale tulla, saate visiidi t\u00fchistada SIIN v\u00f5i registratuuri kaudu kliiniku lahtiolekuaegadel.<\/p>\n<p>Oleme v\u00e4ga t\u00e4nulikud, kui annate oma aja loobumisest teada esimesel v\u00f5imalusel, kuid v\u00e4hemalt 24 tundi enne vastuv\u00f5tuaega. Etteteatamine annab v\u00f5imaluse pakkuda aega teistele patsientidele ja l\u00fchendab ravij\u00e4rjekordasid.<\/p>\n<p>Kui t\u00fchistate vastuv\u00f5tu v\u00e4hem kui 24 tundi enne teenuse osutamiseks kokkulepitud aega v\u00f5i kui te vastuv\u00f5tule ei j\u00f5ua, on Vagodendil \u00f5igus k\u00fcsida ilmumata j\u00e4tmise tasu kehtiva hinnakirja j\u00e4rgi.[\/vc_column_text][\/vc_column][\/vc_row]<\/p>\n","protected":false},"excerpt":{"rendered":"<p>[vc_row][vc_column][vc_column_text]Veebi kaudu registreerides pole k\u00f5ik patsientidele pakutavad ajad k\u00e4ttesaadavad. Sobiva aja puudumisel p\u00f6\u00f6rduge palun kliiniku registratuuri poole telefoni v\u00f5i e-kirja teel. Registreeri e-kirja teel[\/vc_column_text][\/vc_column][\/vc_row][vc_row el_id=&#8221;appointment-form&#8221; el_class=&#8221;appointment-form&#8221;][vc_column css_animation=&#8221;none&#8221; el_id=&#8221;reg-by-email-form&#8221; el_class=&#8221;hidden&#8221;][\/vc_column][\/vc_row][vc_row][vc_column][vc_column_text] Veebibroneering Teave visiidi t\u00fchistamise kohta: Kui olete registreerunud vastuv\u00f5tule, kuid teil ei ole v\u00f5imalik kohale tulla, saate visiidi t\u00fchistada SIIN v\u00f5i registratuuri kaudu kliiniku lahtiolekuaegadel. Oleme [&hellip;]<\/p>\n","protected":false},"author":1,"featured_media":0,"parent":0,"menu_order":0,"comment_status":"closed","ping_status":"closed","template":"fullwidth-template.php","meta":{"_acf_changed":false,"footnotes":""},"class_list":["post-1357","page","type-page","status-publish","hentry"],"acf":[],"_links":{"self":[{"href":"https:\/\/www.vagodent.ee\/ru\/wp-json\/wp\/v2\/pages\/1357","targetHints":{"allow":["GET"]}}],"collection":[{"href":"https:\/\/www.vagodent.ee\/ru\/wp-json\/wp\/v2\/pages"}],"about":[{"href":"https:\/\/www.vagodent.ee\/ru\/wp-json\/wp\/v2\/types\/page"}],"author":[{"embeddable":true,"href":"https:\/\/www.vagodent.ee\/ru\/wp-json\/wp\/v2\/users\/1"}],"replies":[{"embeddable":true,"href":"https:\/\/www.vagodent.ee\/ru\/wp-json\/wp\/v2\/comments?post=1357"}],"version-history":[{"count":1,"href":"https:\/\/www.vagodent.ee\/ru\/wp-json\/wp\/v2\/pages\/1357\/revisions"}],"predecessor-version":[{"id":1362,"href":"https:\/\/www.vagodent.ee\/ru\/wp-json\/wp\/v2\/pages\/1357\/revisions\/1362"}],"wp:attachment":[{"href":"https:\/\/www.vagodent.ee\/ru\/wp-json\/wp\/v2\/media?parent=1357"}],"curies":[{"name":"wp","href":"https:\/\/api.w.org\/{rel}","templated":true}]}}