{"id":546,"date":"2019-03-30T07:37:02","date_gmt":"2019-03-30T05:37:02","guid":{"rendered":"https:\/\/www.vagodent.ee\/pysakointi\/"},"modified":"2022-04-13T09:05:57","modified_gmt":"2022-04-13T06:05:57","slug":"pysakointi","status":"publish","type":"page","link":"https:\/\/www.vagodent.ee\/fi\/pysakointi\/","title":{"rendered":"Pys\u00e4k\u00f6inti"},"content":{"rendered":"<p>[vc_row][vc_column width=&#8221;1\/2&#8243;][vc_column_text]<img loading=\"lazy\" decoding=\"async\" class=\"alignnone size-full wp-image-1060\" src=\"https:\/\/www.vagodent.ee\/wp-content\/uploads\/2018\/09\/parkimine.png\" alt=\"\" width=\"1644\" height=\"1376\" \/>[\/vc_column_text][\/vc_column][vc_column width=&#8221;1\/2&#8243;][vc_column_text]<\/p>\n<div class=\"row parking-modal-header\">\n<div class=\"col-xs-12\">\n<h4><span lang=\"FI\">Hyv\u00e4 hammasklinikan vieras!<\/span><\/h4>\n<p>Pohjois-Viron aluesairaalan alue ja sen ymp\u00e4rill\u00e4 olevat pys\u00e4k\u00f6intialueet ovat maksullista pys\u00e4k\u00f6intialuetta, johon pys\u00e4k\u00f6it\u00e4ess\u00e4 pyyd\u00e4mme noudattamaan pys\u00e4k\u00f6intialueen operaattorin asettamia pys\u00e4k\u00f6intiehtoja, mm. maksamaan tarvittaessa pys\u00e4k\u00f6intimaksun.<\/p>\n<h4>P\u00f5hja-Eesti Regionaalhaigla (Pohjois-Viron aluesairaala)<br \/>\nJ.S\u00fctiste tee 19\/Retke tee 32, Tallinna, Viro<\/h4>\n<p><strong>Avoinna<\/strong>: ma-su 24 h<\/p>\n<p><strong>Pys\u00e4k\u00f6intialueen tyyppi<\/strong>: Pys\u00e4k\u00f6intivy\u00f6hyke PERH, avoin pys\u00e4k\u00f6intialue, parkkihalli, videovalvonta<\/p>\n<p><strong>Maksutavat<\/strong>: Mobiilimaksu, maksu pys\u00e4k\u00f6intiautomaatissa HUOM! Sy\u00f6t\u00e4 tasaraha, maksuautomaatti ei palauta k\u00e4teist\u00e4!<\/p>\n<p><strong>Mobiilimaksu: Vy\u00f6hyke PERH<\/strong><\/p>\n<p>Pys\u00e4k\u00f6inti\u00e4 koskevaa lis\u00e4tietoa saa arkisin klo 08:00\u201317:00 numerosta +372 6511 515 tai s\u00e4hk\u00f6postiosoitteesta parkimine@yhisteenused.ee<\/p>\n<p>lue lis\u00e4\u00e4\u00a0<a href=\"https:\/\/www.parkimine.ee\/#pohja-eesti-regionaalhaigla=2411\">www.parkimine.ee<\/a><\/p>\n<\/div>\n<\/div>\n<p>[\/vc_column_text][\/vc_column][\/vc_row]<\/p>\n","protected":false},"excerpt":{"rendered":"<p>[vc_row][vc_column width=&#8221;1\/2&#8243;][vc_column_text][\/vc_column_text][\/vc_column][vc_column width=&#8221;1\/2&#8243;][vc_column_text] Hyv\u00e4 hammasklinikan vieras! Pohjois-Viron aluesairaalan alue ja sen ymp\u00e4rill\u00e4 olevat pys\u00e4k\u00f6intialueet ovat maksullista pys\u00e4k\u00f6intialuetta, johon pys\u00e4k\u00f6it\u00e4ess\u00e4 pyyd\u00e4mme noudattamaan pys\u00e4k\u00f6intialueen operaattorin asettamia pys\u00e4k\u00f6intiehtoja, mm. maksamaan tarvittaessa pys\u00e4k\u00f6intimaksun. P\u00f5hja-Eesti Regionaalhaigla (Pohjois-Viron aluesairaala) J.S\u00fctiste tee 19\/Retke tee 32, Tallinna, Viro Avoinna: ma-su 24 h Pys\u00e4k\u00f6intialueen tyyppi: Pys\u00e4k\u00f6intivy\u00f6hyke PERH, avoin pys\u00e4k\u00f6intialue, parkkihalli, videovalvonta Maksutavat: Mobiilimaksu, maksu [&hellip;]<\/p>\n","protected":false},"author":1,"featured_media":0,"parent":0,"menu_order":0,"comment_status":"closed","ping_status":"closed","template":"fullwidth-template.php","meta":{"_acf_changed":false,"footnotes":""},"class_list":["post-546","page","type-page","status-publish","hentry"],"acf":[],"_links":{"self":[{"href":"https:\/\/www.vagodent.ee\/fi\/wp-json\/wp\/v2\/pages\/546","targetHints":{"allow":["GET"]}}],"collection":[{"href":"https:\/\/www.vagodent.ee\/fi\/wp-json\/wp\/v2\/pages"}],"about":[{"href":"https:\/\/www.vagodent.ee\/fi\/wp-json\/wp\/v2\/types\/page"}],"author":[{"embeddable":true,"href":"https:\/\/www.vagodent.ee\/fi\/wp-json\/wp\/v2\/users\/1"}],"replies":[{"embeddable":true,"href":"https:\/\/www.vagodent.ee\/fi\/wp-json\/wp\/v2\/comments?post=546"}],"version-history":[{"count":6,"href":"https:\/\/www.vagodent.ee\/fi\/wp-json\/wp\/v2\/pages\/546\/revisions"}],"predecessor-version":[{"id":1562,"href":"https:\/\/www.vagodent.ee\/fi\/wp-json\/wp\/v2\/pages\/546\/revisions\/1562"}],"wp:attachment":[{"href":"https:\/\/www.vagodent.ee\/fi\/wp-json\/wp\/v2\/media?parent=546"}],"curies":[{"name":"wp","href":"https:\/\/api.w.org\/{rel}","templated":true}]}}