{"id":545,"date":"2019-03-30T07:35:37","date_gmt":"2019-03-30T05:35:37","guid":{"rendered":"https:\/\/www.vagodent.ee\/hammasklinikan-aukioloajat\/"},"modified":"2026-04-13T12:42:20","modified_gmt":"2026-04-13T09:42:20","slug":"hammasklinikan-aukioloajat","status":"publish","type":"page","link":"https:\/\/www.vagodent.ee\/fi\/hammasklinikan-aukioloajat\/","title":{"rendered":"Hammasklinikan aukioloajat"},"content":{"rendered":"<p><span lang=\"FI\">Hammasklinikka Vagodent on\u00a0avoinna arkisin 8.15\u201320.00.<\/span><\/p>\n<p><strong>17., 24.04 <\/strong>olemme avoinna klo 8.15-15.00.<\/p>\n<p><strong>01.05<\/strong> olemme suljettu.<\/p>\n<p>&nbsp;<\/p>\n<p><strong><span lang=\"FI\">P\u00e4ivystys<\/span><\/strong><\/p>\n<p><span lang=\"FI\">Tallinnassa ensiapua tarjoavat:<br \/>\nTallinna Hambapolikliinik, puh. 1920, +372 6121200<br \/>\nL\u00e4\u00e4ne-Tallinna Keskhaigla hambaravikliinik, puh. +372 6090333<br \/>\nL\u00e4\u00e4nemere Hambakliinik, puh. +372 6600460<br \/>\n<\/span><\/p>\n","protected":false},"excerpt":{"rendered":"<p>Hammasklinikka Vagodent on\u00a0avoinna arkisin 8.15\u201320.00. 17., 24.04 olemme avoinna klo 8.15-15.00. 01.05 olemme suljettu. &nbsp; P\u00e4ivystys Tallinnassa ensiapua tarjoavat: Tallinna Hambapolikliinik, puh. 1920, +372 6121200 L\u00e4\u00e4ne-Tallinna Keskhaigla hambaravikliinik, puh. +372 6090333 L\u00e4\u00e4nemere Hambakliinik, puh. +372 6600460<\/p>\n","protected":false},"author":1,"featured_media":0,"parent":0,"menu_order":0,"comment_status":"closed","ping_status":"closed","template":"","meta":{"_acf_changed":false,"footnotes":""},"class_list":["post-545","page","type-page","status-publish","hentry"],"acf":[],"_links":{"self":[{"href":"https:\/\/www.vagodent.ee\/fi\/wp-json\/wp\/v2\/pages\/545","targetHints":{"allow":["GET"]}}],"collection":[{"href":"https:\/\/www.vagodent.ee\/fi\/wp-json\/wp\/v2\/pages"}],"about":[{"href":"https:\/\/www.vagodent.ee\/fi\/wp-json\/wp\/v2\/types\/page"}],"author":[{"embeddable":true,"href":"https:\/\/www.vagodent.ee\/fi\/wp-json\/wp\/v2\/users\/1"}],"replies":[{"embeddable":true,"href":"https:\/\/www.vagodent.ee\/fi\/wp-json\/wp\/v2\/comments?post=545"}],"version-history":[{"count":230,"href":"https:\/\/www.vagodent.ee\/fi\/wp-json\/wp\/v2\/pages\/545\/revisions"}],"predecessor-version":[{"id":2509,"href":"https:\/\/www.vagodent.ee\/fi\/wp-json\/wp\/v2\/pages\/545\/revisions\/2509"}],"wp:attachment":[{"href":"https:\/\/www.vagodent.ee\/fi\/wp-json\/wp\/v2\/media?parent=545"}],"curies":[{"name":"wp","href":"https:\/\/api.w.org\/{rel}","templated":true}]}}