{"id":539,"date":"2019-03-30T07:21:51","date_gmt":"2019-03-30T05:21:51","guid":{"rendered":"https:\/\/www.vagodent.ee\/yhteystiedot\/"},"modified":"2025-09-01T10:21:55","modified_gmt":"2025-09-01T07:21:55","slug":"yhteystiedot","status":"publish","type":"page","link":"https:\/\/www.vagodent.ee\/fi\/yhteystiedot\/","title":{"rendered":"Yhteystiedot"},"content":{"rendered":"<p>[vc_row][vc_column width=&#8221;1\/2&#8243;][vc_column_text]<\/p>\n<address>S\u00fctiste tee 17<br \/>\n13419 Tallinna, Viro<\/address>\n<p>puh. +372 6776030, +372 6776031, +372 56216158<br \/>\n<a href=\"mailto:reg@vagodent.ee\">reg@vagodent.ee<\/a>[\/vc_column_text][\/vc_column][vc_column width=&#8221;1\/2&#8243;][vc_column_text]Johtaja:<strong>\u00a0<\/strong><strong>Ruth Matvei<\/strong>\u00a0\u00a0puh. +372 6776032,\u00a0<a href=\"mailto:info@vagodent.ee\">info@vagodent.ee<br \/>\n<\/a>Johtava hoitaja: <strong>Kaarin Kuusler<\/strong>\u00a0 puh. +372 6776034, <a href=\"mailto:ylle@vagodent.ee\">vanemode@vagodent.ee<\/a>[\/vc_column_text][\/vc_column][\/vc_row][vc_row][vc_column][vc_column_text]<span lang=\"FI\">Pyyd\u00e4mme esitt\u00e4m\u00e4\u00e4n ehdotukset, palautteet ja valitukset klinikan vastaanottoon tai l\u00e4hett\u00e4m\u00e4\u00e4n ne kirjallisesti s\u00e4hk\u00f6postiosoitteeseen info@vagodent.ee<\/span><\/p>\n<section><span lang=\"FI\">Kysymyksiss\u00e4 voi ottaa yhteytt\u00e4:<br \/>\nEesti Tervisekassa Harju Osakond (Viron Haigekassan Harjun osasto) &#8211; Liivalaia 36, Tallinn 10132, puh. +372 6033630<br \/>\nTervishoiuamet (Viron terveysvirasto) &#8211; Gonsiori 29, Tallinn 15157, puh. +372 6509840<\/span><\/section>\n<p>[\/vc_column_text][\/vc_column][\/vc_row]<\/p>\n","protected":false},"excerpt":{"rendered":"<p>[vc_row][vc_column width=&#8221;1\/2&#8243;][vc_column_text] S\u00fctiste tee 17 13419 Tallinna, Viro puh. +372 6776030, +372 6776031, +372 56216158 reg@vagodent.ee[\/vc_column_text][\/vc_column][vc_column width=&#8221;1\/2&#8243;][vc_column_text]Johtaja:\u00a0Ruth Matvei\u00a0\u00a0puh. +372 6776032,\u00a0info@vagodent.ee Johtava hoitaja: Kaarin Kuusler\u00a0 puh. +372 6776034, vanemode@vagodent.ee[\/vc_column_text][\/vc_column][\/vc_row][vc_row][vc_column][vc_column_text]Pyyd\u00e4mme esitt\u00e4m\u00e4\u00e4n ehdotukset, palautteet ja valitukset klinikan vastaanottoon tai l\u00e4hett\u00e4m\u00e4\u00e4n ne kirjallisesti s\u00e4hk\u00f6postiosoitteeseen info@vagodent.ee Kysymyksiss\u00e4 voi ottaa yhteytt\u00e4: Eesti Tervisekassa Harju Osakond (Viron Haigekassan Harjun osasto) &#8211; Liivalaia [&hellip;]<\/p>\n","protected":false},"author":1,"featured_media":0,"parent":0,"menu_order":0,"comment_status":"closed","ping_status":"closed","template":"contact-template.php","meta":{"_acf_changed":false,"footnotes":""},"class_list":["post-539","page","type-page","status-publish","hentry"],"acf":[],"_links":{"self":[{"href":"https:\/\/www.vagodent.ee\/fi\/wp-json\/wp\/v2\/pages\/539","targetHints":{"allow":["GET"]}}],"collection":[{"href":"https:\/\/www.vagodent.ee\/fi\/wp-json\/wp\/v2\/pages"}],"about":[{"href":"https:\/\/www.vagodent.ee\/fi\/wp-json\/wp\/v2\/types\/page"}],"author":[{"embeddable":true,"href":"https:\/\/www.vagodent.ee\/fi\/wp-json\/wp\/v2\/users\/1"}],"replies":[{"embeddable":true,"href":"https:\/\/www.vagodent.ee\/fi\/wp-json\/wp\/v2\/comments?post=539"}],"version-history":[{"count":8,"href":"https:\/\/www.vagodent.ee\/fi\/wp-json\/wp\/v2\/pages\/539\/revisions"}],"predecessor-version":[{"id":2358,"href":"https:\/\/www.vagodent.ee\/fi\/wp-json\/wp\/v2\/pages\/539\/revisions\/2358"}],"wp:attachment":[{"href":"https:\/\/www.vagodent.ee\/fi\/wp-json\/wp\/v2\/media?parent=539"}],"curies":[{"name":"wp","href":"https:\/\/api.w.org\/{rel}","templated":true}]}}