{"id":529,"date":"2019-03-30T07:12:22","date_gmt":"2019-03-30T05:12:22","guid":{"rendered":"https:\/\/www.vagodent.ee\/hammashoitotuki\/"},"modified":"2025-09-01T10:20:54","modified_gmt":"2025-09-01T07:20:54","slug":"hammashoitotuki","status":"publish","type":"page","link":"https:\/\/www.vagodent.ee\/fi\/hammashoitotuki\/","title":{"rendered":"Hammashoitotuki"},"content":{"rendered":"<h1><span lang=\"FI\">AIKUISTEN HAMMASHOITOTUKEA KOSKEVA ILMOITUS<\/span><\/h1>\n<p><span lang=\"FI\">Viron Tervisekassa ja hammasklinikka Vagodent ovat solmineet yli 19-vuotiaiden vakuutettujen henkil\u00f6iden hammashoitopalvelun rahoitussopimuksen, jota sovelletaan 14.01.2019 alkaen sopimuksen p\u00e4\u00e4ttymiseen asti. <\/span><\/p>\n<p>Jotta palvelun tarjoaminen ja tuen k\u00e4ytt\u00e4minen olisi kaikille Virossa vakuutetuille henkil\u00f6ille ja my\u00f6s hammashoitopalvelun tarjoajille mahdollisimman helppoa ja nopeaa, tukirajan laskeminen tapahtuu Tervisekassan ja hammashoitopalvelun tarjoajan v\u00e4lill\u00e4 s\u00e4hk\u00f6isesti. Sit\u00e4 varten Tervisekassa ja hammashoitopalvelun tarjoaja ovat solmineet palveluntarjoamissopimuksen.<\/p>\n<ol>\n<li>tammikuuta 2024 alkaen Viron Tervisekassa hyvitt\u00e4\u00e4 <strong>aikuisille hammashoidosta 60 euroa vuodessa (potilaan omavastuu 50 %). Vanhusten, raskaana olevien, alle yksivuotiaiden lasten \u00e4itien ja muiden tukea jo saavien henkil\u00f6iden hammashoitotuki kasvoi 105 euroon vuodessa (potilaan omavastuu 12,5 %). <\/strong><\/li>\n<\/ol>\n<p>Tervisekassan kanssa solmittava sopimus ei velvoita tarjoamaan kaikkia palveluita Tervisekassan hinnaston mukaisesti \u2013 <strong>hinnasto on voimassa vain tuen kattamille palveluille ja tuen enimm\u00e4ism\u00e4\u00e4r\u00e4ss\u00e4. <\/strong><\/p>\n<p><strong>Tukiraja on voimassa yhden kalenterivuoden aikana <\/strong>ja sit\u00e4 ei voi siirt\u00e4\u00e4 seuraavaan vuoteen. Jos henkil\u00f6 on ylitt\u00e4nyt rajan, palveluita ei tarvitse tarjota Tervisekassan hinnaston mukaan.<\/p>\n<p>Vagodentill\u00e4 on edelleen voimassa olevat Tervisekassan rahoitussopimukset alle 19-vuotiaiden (vakuutettujen) lasten hammashoitoon ja el\u00e4kel\u00e4isten proteesituen k\u00e4ytt\u00e4miseksi (260 \u20ac kolmessa vuodessa.).<\/p>\n<p>Lis\u00e4tietojen saamiseksi voi ottaa yhteytt\u00e4 Tervisekassan infopuhelimeen 16363, asiakaspuhelimeen (+372)6696630 tai s\u00e4hk\u00f6postiosoitteeseen <a href=\"mailto:info@tervisekassa.ee\">info@tervisekassa.ee<\/a>, k\u00e4yd\u00e4 Tervisekassan asiakaspalvelussa osoitteessa Liivalaia 36, 10144 Tallinna tai vierailla kotisivulla <a href=\"http:\/\/www.tervisekassa.ee\/\">www.tervisekassa.ee<\/a><\/p>\n<p>&nbsp;<\/p>\n","protected":false},"excerpt":{"rendered":"<p>AIKUISTEN HAMMASHOITOTUKEA KOSKEVA ILMOITUS Viron Tervisekassa ja hammasklinikka Vagodent ovat solmineet yli 19-vuotiaiden vakuutettujen henkil\u00f6iden hammashoitopalvelun rahoitussopimuksen, jota sovelletaan 14.01.2019 alkaen sopimuksen p\u00e4\u00e4ttymiseen asti. Jotta palvelun tarjoaminen ja tuen k\u00e4ytt\u00e4minen olisi kaikille Virossa vakuutetuille henkil\u00f6ille ja my\u00f6s hammashoitopalvelun tarjoajille mahdollisimman helppoa ja nopeaa, tukirajan laskeminen tapahtuu Tervisekassan ja hammashoitopalvelun tarjoajan v\u00e4lill\u00e4 s\u00e4hk\u00f6isesti. Sit\u00e4 varten Tervisekassa [&hellip;]<\/p>\n","protected":false},"author":1,"featured_media":0,"parent":0,"menu_order":0,"comment_status":"closed","ping_status":"closed","template":"fullwidth-template.php","meta":{"_acf_changed":false,"footnotes":""},"class_list":["post-529","page","type-page","status-publish","hentry"],"acf":[],"_links":{"self":[{"href":"https:\/\/www.vagodent.ee\/fi\/wp-json\/wp\/v2\/pages\/529","targetHints":{"allow":["GET"]}}],"collection":[{"href":"https:\/\/www.vagodent.ee\/fi\/wp-json\/wp\/v2\/pages"}],"about":[{"href":"https:\/\/www.vagodent.ee\/fi\/wp-json\/wp\/v2\/types\/page"}],"author":[{"embeddable":true,"href":"https:\/\/www.vagodent.ee\/fi\/wp-json\/wp\/v2\/users\/1"}],"replies":[{"embeddable":true,"href":"https:\/\/www.vagodent.ee\/fi\/wp-json\/wp\/v2\/comments?post=529"}],"version-history":[{"count":4,"href":"https:\/\/www.vagodent.ee\/fi\/wp-json\/wp\/v2\/pages\/529\/revisions"}],"predecessor-version":[{"id":2357,"href":"https:\/\/www.vagodent.ee\/fi\/wp-json\/wp\/v2\/pages\/529\/revisions\/2357"}],"wp:attachment":[{"href":"https:\/\/www.vagodent.ee\/fi\/wp-json\/wp\/v2\/media?parent=529"}],"curies":[{"name":"wp","href":"https:\/\/api.w.org\/{rel}","templated":true}]}}