{"id":528,"date":"2019-03-30T07:11:11","date_gmt":"2019-03-30T05:11:11","guid":{"rendered":"https:\/\/www.vagodent.ee\/hinnasto\/osamaksu\/"},"modified":"2019-03-30T07:11:11","modified_gmt":"2019-03-30T05:11:11","slug":"osamaksu","status":"publish","type":"page","link":"https:\/\/www.vagodent.ee\/fi\/hinnasto\/osamaksu\/","title":{"rendered":"Osamaksu"},"content":{"rendered":"<p><span style=\"font-size: 16px;\">Tarjoamme osamaksumahdollisuutta.<\/span><\/p>\n<p>Osamaksun saamiseksi tutustu MediCredit O\u00dc:n ehtoihin  <a href=\"https:\/\/www.medicredit.ee\/tingimused\/\" target=\"_blank\" rel=\"noopener\">t\u00e4\u00e4ll\u00e4<\/a><\/p>\n","protected":false},"excerpt":{"rendered":"<p>Tarjoamme osamaksumahdollisuutta. Osamaksun saamiseksi tutustu MediCredit O\u00dc:n ehtoihin t\u00e4\u00e4ll\u00e4<\/p>\n","protected":false},"author":1,"featured_media":0,"parent":525,"menu_order":0,"comment_status":"closed","ping_status":"closed","template":"","meta":{"_acf_changed":false,"footnotes":""},"class_list":["post-528","page","type-page","status-publish","hentry"],"acf":[],"_links":{"self":[{"href":"https:\/\/www.vagodent.ee\/fi\/wp-json\/wp\/v2\/pages\/528","targetHints":{"allow":["GET"]}}],"collection":[{"href":"https:\/\/www.vagodent.ee\/fi\/wp-json\/wp\/v2\/pages"}],"about":[{"href":"https:\/\/www.vagodent.ee\/fi\/wp-json\/wp\/v2\/types\/page"}],"author":[{"embeddable":true,"href":"https:\/\/www.vagodent.ee\/fi\/wp-json\/wp\/v2\/users\/1"}],"replies":[{"embeddable":true,"href":"https:\/\/www.vagodent.ee\/fi\/wp-json\/wp\/v2\/comments?post=528"}],"version-history":[{"count":0,"href":"https:\/\/www.vagodent.ee\/fi\/wp-json\/wp\/v2\/pages\/528\/revisions"}],"up":[{"embeddable":true,"href":"https:\/\/www.vagodent.ee\/fi\/wp-json\/wp\/v2\/pages\/525"}],"wp:attachment":[{"href":"https:\/\/www.vagodent.ee\/fi\/wp-json\/wp\/v2\/media?parent=528"}],"curies":[{"name":"wp","href":"https:\/\/api.w.org\/{rel}","templated":true}]}}