{"id":527,"date":"2019-03-30T07:09:23","date_gmt":"2019-03-30T05:09:23","guid":{"rendered":"https:\/\/www.vagodent.ee\/kayntimaksu\/"},"modified":"2025-09-01T10:20:19","modified_gmt":"2025-09-01T07:20:19","slug":"kayntimaksu","status":"publish","type":"page","link":"https:\/\/www.vagodent.ee\/fi\/kayntimaksu\/","title":{"rendered":"K\u00e4yntimaksu"},"content":{"rendered":"<h1><strong><span lang=\"FI\">ERIKOISL\u00c4\u00c4K\u00c4RIN (mm. HAMMASL\u00c4\u00c4K\u00c4RIN) K\u00c4YNTIMAKSU 5 &#8211; 20 EUROA (01.04.2025)<\/span><\/strong><\/h1>\n<p><span lang=\"FI\">HUOM! Erikoisl\u00e4\u00e4k\u00e4rin vastaanotolle saapuvalta vakuutetulta henkil\u00f6lt\u00e4 ei kysyt\u00e4 k\u00e4yntimaksua seuraavissa tapauksissa:<\/span><\/p>\n<p><span lang=\"FI\">\u2013 jos potilas l\u00e4hetet\u00e4\u00e4n saman hoitolaitoksen toisen ty\u00f6ntekij\u00e4n vastaanotolle<br \/>\n\u2013 raskaana olevat<br \/>\n\u2013 alle kaksivuotiaat lapset<br \/>\n\u2013 v\u00e4ltt\u00e4m\u00e4t\u00f6nt\u00e4 p\u00e4ivystyshoitoa tarjottaessa, jos sit\u00e4 seuraa osastohoitopalvelu.\u00a0 <\/span><\/p>\n<p><strong><span lang=\"FI\">HUOM!<\/span><\/strong><span class=\"apple-converted-space\"><span lang=\"FI\">\u00a0Jos potilas ei saavu sovittuna aikana sovittuun paikkaan tai h\u00e4n peruuttaa ajan my\u00f6hemmin kuin 24 tuntia ennen palvelun tarjoamiseksi sovittua aikaa, <\/span><\/span><strong><span lang=\"FI\">terveydenhoitopalvelun tarjoajalla on oikeus vaatia potilaalta seuraavalla hoitokerralla kaksinkertaista k\u00e4yntimaksua.<\/span><\/strong><span class=\"apple-converted-space\"><span lang=\"FI\">\u00a0<\/span><\/span><span lang=\"FI\">(Viron sairausvakuutuslain <\/span><strong>\u00a7 70<\/strong><span lang=\"FI\">:n 6 mom.).<\/span><\/p>\n<p><span lang=\"FI\">Tervisekassan yhteystiedot:<\/span><\/p>\n<ul>\n<li><strong>asiakaspuhelin (+372) 669 6630 tai infopuhelin 16363*<\/strong>\u00a0\u200b(ma-pe 8.30\u201316.30)<br \/>\n<em>* Matkapuhelimesta infopuhelimeen soitettaessa voimassa on operaattorin hinnastoa vastaava hinta:<\/em><em><br \/>\n<em>Telekomin verkosta 0,2278 \u20ac\/min, Tele2:n verkosta 0,23 \u20ac\/min, Elisasta 0,30 \u20ac\/min.<\/em><\/em><\/li>\n<\/ul>\n<ul>\n<li><strong>s\u00e4hk\u00f6postitse info@tervisekassa.ee<\/strong><\/li>\n<li><strong>postitse: Liivalaia 36, 10132 Tallinn<\/strong><strong>, Estonia<\/strong><\/li>\n<li><strong><span lang=\"FI\">k\u00e4ym\u00e4ll\u00e4 Viron terveyskassan (Tervisekassa) asiakaspalvelupisteess\u00e4:<\/span><b><span lang=\"FI\"><br \/>\nTallinna, Liivalaia 36<\/span><\/b><\/strong><\/li>\n<\/ul>\n","protected":false},"excerpt":{"rendered":"<p>ERIKOISL\u00c4\u00c4K\u00c4RIN (mm. HAMMASL\u00c4\u00c4K\u00c4RIN) K\u00c4YNTIMAKSU 5 &#8211; 20 EUROA (01.04.2025) HUOM! Erikoisl\u00e4\u00e4k\u00e4rin vastaanotolle saapuvalta vakuutetulta henkil\u00f6lt\u00e4 ei kysyt\u00e4 k\u00e4yntimaksua seuraavissa tapauksissa: \u2013 jos potilas l\u00e4hetet\u00e4\u00e4n saman hoitolaitoksen toisen ty\u00f6ntekij\u00e4n vastaanotolle \u2013 raskaana olevat \u2013 alle kaksivuotiaat lapset \u2013 v\u00e4ltt\u00e4m\u00e4t\u00f6nt\u00e4 p\u00e4ivystyshoitoa tarjottaessa, jos sit\u00e4 seuraa osastohoitopalvelu.\u00a0 HUOM!\u00a0Jos potilas ei saavu sovittuna aikana sovittuun paikkaan tai h\u00e4n peruuttaa [&hellip;]<\/p>\n","protected":false},"author":1,"featured_media":0,"parent":0,"menu_order":0,"comment_status":"closed","ping_status":"closed","template":"","meta":{"_acf_changed":false,"footnotes":""},"class_list":["post-527","page","type-page","status-publish","hentry"],"acf":[],"_links":{"self":[{"href":"https:\/\/www.vagodent.ee\/fi\/wp-json\/wp\/v2\/pages\/527","targetHints":{"allow":["GET"]}}],"collection":[{"href":"https:\/\/www.vagodent.ee\/fi\/wp-json\/wp\/v2\/pages"}],"about":[{"href":"https:\/\/www.vagodent.ee\/fi\/wp-json\/wp\/v2\/types\/page"}],"author":[{"embeddable":true,"href":"https:\/\/www.vagodent.ee\/fi\/wp-json\/wp\/v2\/users\/1"}],"replies":[{"embeddable":true,"href":"https:\/\/www.vagodent.ee\/fi\/wp-json\/wp\/v2\/comments?post=527"}],"version-history":[{"count":5,"href":"https:\/\/www.vagodent.ee\/fi\/wp-json\/wp\/v2\/pages\/527\/revisions"}],"predecessor-version":[{"id":2356,"href":"https:\/\/www.vagodent.ee\/fi\/wp-json\/wp\/v2\/pages\/527\/revisions\/2356"}],"wp:attachment":[{"href":"https:\/\/www.vagodent.ee\/fi\/wp-json\/wp\/v2\/media?parent=527"}],"curies":[{"name":"wp","href":"https:\/\/api.w.org\/{rel}","templated":true}]}}