{"id":525,"date":"2019-03-30T07:06:57","date_gmt":"2019-03-30T05:06:57","guid":{"rendered":"https:\/\/www.vagodent.ee\/hinnasto\/"},"modified":"2026-01-06T14:37:37","modified_gmt":"2026-01-06T12:37:37","slug":"hinnasto","status":"publish","type":"page","link":"https:\/\/www.vagodent.ee\/fi\/hinnasto\/","title":{"rendered":"Hinnasto"},"content":{"rendered":"<h1>Otteita hammashoidon hinnastosta<\/h1>\n<table class=\"hinnakiri\" border=\"0\" width=\"100%\">\n<thead><\/thead>\n<tbody>\n<tr>\n<td><strong>Palvelun tai materiaalin nimi<\/strong><\/td>\n<td style=\"text-align: right;\"><strong>Arvioitu hinta EUR<\/strong><\/td>\n<\/tr>\n<tr>\n<td>Konsultaatio, hoitosuunnitelman laatiminen<\/td>\n<td style=\"text-align: right;\">55-70<\/td>\n<\/tr>\n<tr>\n<td>1\u20132 hampaan r\u00f6ntgenkuva<\/td>\n<td style=\"text-align: right;\">25<\/td>\n<\/tr>\n<tr>\n<td>Puudutus<\/td>\n<td style=\"text-align: right;\">25<\/td>\n<\/tr>\n<tr>\n<td>Hammaskiven poisto yhdest\u00e4 hampaasta<\/td>\n<td style=\"text-align: right;\">25<\/td>\n<\/tr>\n<tr>\n<td>Ikenen alla olevan hammaskiven poisto yhdest\u00e4 hampaasta<\/td>\n<td style=\"text-align: right;\">30<\/td>\n<\/tr>\n<tr>\n<td>Hammasten soodapuhdistus<\/td>\n<td style=\"text-align: right;\">130<\/td>\n<\/tr>\n<tr>\n<td>Panoraamr\u00f6ntgen<\/td>\n<td style=\"text-align: right;\">32<\/td>\n<\/tr>\n<tr>\n<td>Panoraamar\u00f6ntgen<\/td>\n<td style=\"text-align: right;\">100<\/td>\n<\/tr>\n<tr>\n<td>Hammashoito mikroskoopilla (30\u00b4)<\/td>\n<td style=\"text-align: right;\">100<\/td>\n<\/tr>\n<tr>\n<td>Diagnostinen malli 1 kpl<\/td>\n<td style=\"text-align: right;\">30<\/td>\n<\/tr>\n<tr>\n<td>Hammassuoja 1 kpl<\/td>\n<td style=\"text-align: right;\">250<\/td>\n<\/tr>\n<\/tbody>\n<\/table>\n<h2>Juurihoito<\/h2>\n<table class=\"hinnakiri\" style=\"height: 27px;\" border=\"0\" width=\"100%\">\n<tbody>\n<tr>\n<td>Juurihoito<\/td>\n<td style=\"text-align: right;\">260-750<\/td>\n<\/tr>\n<\/tbody>\n<\/table>\n<h2>Paikat<\/h2>\n<table class=\"hinnakiri\" border=\"0\" width=\"100%\">\n<tbody>\n<tr>\n<td>Materiaalista ja koosta riippuen<\/td>\n<td style=\"text-align: right;\">75-165<\/td>\n<\/tr>\n<\/tbody>\n<\/table>\n<h2>Kirurgia<\/h2>\n<table class=\"hinnakiri\" border=\"0\" width=\"100%\">\n<tbody>\n<tr>\n<td>Hampaan tai juuren poisto<\/td>\n<td style=\"text-align: right;\">90<\/td>\n<\/tr>\n<tr>\n<td>Hampaan tai juuren vaikea poisto<\/td>\n<td style=\"text-align: right;\">125<\/td>\n<\/tr>\n<tr>\n<td>Puhkeamattoman hampaan, ylim\u00e4\u00e4r\u00e4isen hampaan, osittain puhjenneen hampaan poistaminen kirurgisesti<\/td>\n<td style=\"text-align: right;\">215<\/td>\n<\/tr>\n<tr>\n<td>Pienet kova- ja pehmytkudosten leikkaukset<\/td>\n<td style=\"text-align: right;\">\u00a0 \u00a0220<\/td>\n<\/tr>\n<\/tbody>\n<\/table>\n<h2>Protetiikka<\/h2>\n<table class=\"hinnakiri\" border=\"0\" width=\"100%\">\n<tbody>\n<tr>\n<td>Metallokeraaminen kruunu tai hammas<\/td>\n<td style=\"text-align: right;\">550<\/td>\n<\/tr>\n<tr>\n<td>T\u00e4yskeraaminen kruunu<\/td>\n<td style=\"text-align: right;\">450<\/td>\n<\/tr>\n<tr>\n<td>Zirkoniumkruunu<\/td>\n<td style=\"text-align: right;\">500<\/td>\n<\/tr>\n<tr>\n<td>Valettu nastapilari<\/td>\n<td style=\"text-align: right;\">150-275<\/td>\n<\/tr>\n<tr>\n<td>Yhden leukaluun kokoproteesi<\/td>\n<td style=\"text-align: right;\">800<\/td>\n<\/tr>\n<tr>\n<td>Osaproteesi (hampaiden hinta lis\u00e4t\u00e4\u00e4n)<\/td>\n<td style=\"text-align: right;\">400<\/td>\n<\/tr>\n<tr>\n<td>Siltaproteesi (hampaiden hinta lis\u00e4t\u00e4\u00e4n)<\/td>\n<td style=\"text-align: right;\">700<\/td>\n<\/tr>\n<tr>\n<td>Vita muovihammas<\/td>\n<td style=\"text-align: right;\">30<\/td>\n<\/tr>\n<tr>\n<td>Immediaattiproteesi (hambaiden hinta lis\u00e4t\u00e4\u00e4n)<\/td>\n<td style=\"text-align: right;\">300<\/td>\n<\/tr>\n<\/tbody>\n<\/table>\n<h2>Hampaiden valkaisu<\/h2>\n<table class=\"hinnakiri\" border=\"0\" width=\"100%\">\n<tbody>\n<tr>\n<td>Yksi kerta, yksi hammas<\/td>\n<td style=\"text-align: right;\">40<\/td>\n<\/tr>\n<tr>\n<td>Valkaisumuotti<\/td>\n<td style=\"text-align: right;\">200<\/td>\n<\/tr>\n<\/tbody>\n<\/table>\n<h2>Implantointi<\/h2>\n<table class=\"hinnakiri\" border=\"0\" width=\"100%\">\n<tbody>\n<tr>\n<td>Yhden implantin leikkaus<\/td>\n<td style=\"text-align: right;\">700<\/td>\n<\/tr>\n<tr>\n<td>Suprakonstruktio implantille<\/td>\n<td style=\"text-align: right;\">400-520<\/td>\n<\/tr>\n<tr>\n<td>Implanttikruunu<\/td>\n<td style=\"text-align: right;\">500<\/td>\n<\/tr>\n<\/tbody>\n<\/table>\n<h2>Ortodontia<\/h2>\n<table class=\"hinnakiri\" border=\"0\" width=\"100%\">\n<tbody>\n<tr>\n<td>Ortodontin konsultaatio (sis\u00e4lt\u00e4\u00e4 hoitosuunnitelman laatimisen)<\/td>\n<td style=\"text-align: right;\">60<\/td>\n<\/tr>\n<tr>\n<td>Quad-helix<\/td>\n<td style=\"text-align: right;\">210<\/td>\n<\/tr>\n<tr>\n<td>Metalliraudat kiinnityksell\u00e4<\/td>\n<td style=\"text-align: right;\">34<\/td>\n<\/tr>\n<tr>\n<td>Keraamiset raudat kiinnityksell\u00e4<\/td>\n<td style=\"padding-left: 30px; text-align: right;\">60<\/td>\n<\/tr>\n<tr>\n<td>Retentiolevy<\/td>\n<td style=\"text-align: right;\">130<\/td>\n<\/tr>\n<\/tbody>\n<\/table>\n<h2>Myofunktionaalinen teraapia<\/h2>\n<table class=\"hinnakiri\" border=\"0\" width=\"100%\">\n<tbody>\n<tr>\n<td>Ensimm\u00e4inen k\u00e4ynti<\/td>\n<td style=\"text-align: right;\">60<\/td>\n<\/tr>\n<tr>\n<td>Toistuva k\u00e4ynti<\/td>\n<td style=\"text-align: right;\">45<\/td>\n<\/tr>\n<\/tbody>\n<\/table>\n<p style=\"text-align: right;\"><strong><span style=\"font-weight: normal;\">\u00a0<\/span><\/strong><\/p>\n<ul>\n<li>Viron terveyskassan (Tervisekassa) vakuuttamien<strong>\u00a0<\/strong><strong>alle 19-vuotiaiden lasten hammashoidon <\/strong>maksaa Tervisekassa.<\/li>\n<li>Potilaalta voidaan kysy\u00e4 kaksinkertainen k\u00e4yntimaksu<strong> 40 \u20ac<\/strong>, jos potilas ei saavu paikalle eik\u00e4 peruuta aikaa viimeist\u00e4\u00e4n 24 tuntia ennen (Viron sairausvakuutuslain 70 \u00a7:n 6 mom.).<\/li>\n<li>Tervisekassa maksaa el\u00e4kel\u00e4isten <strong>proteesit\u00f6ist\u00e4<\/strong>\u00a0260,00 euroa.<\/li>\n<li><strong>Yli 19-vuotiaat vakuutetut henkil\u00f6t<\/strong> saavat Tervisekassan my\u00f6nt\u00e4m\u00e4\u00e4 hammashoitotukea.<\/li>\n<li>Tarjoamme osamaksumahdollisuutta (MediCreditin sopimus).<\/li>\n<li><span lang=\"FI\">Tutustu hinnastoon hammasklinikalla.<\/span><\/li>\n<\/ul>\n","protected":false},"excerpt":{"rendered":"<p>Otteita hammashoidon hinnastosta Palvelun tai materiaalin nimi Arvioitu hinta EUR Konsultaatio, hoitosuunnitelman laatiminen 55-70 1\u20132 hampaan r\u00f6ntgenkuva 25 Puudutus 25 Hammaskiven poisto yhdest\u00e4 hampaasta 25 Ikenen alla olevan hammaskiven poisto yhdest\u00e4 hampaasta 30 Hammasten soodapuhdistus 130 Panoraamr\u00f6ntgen 32 Panoraamar\u00f6ntgen 100 Hammashoito mikroskoopilla (30\u00b4) 100 Diagnostinen malli 1 kpl 30 Hammassuoja 1 kpl 250 Juurihoito Juurihoito [&hellip;]<\/p>\n","protected":false},"author":1,"featured_media":0,"parent":0,"menu_order":0,"comment_status":"closed","ping_status":"closed","template":"","meta":{"_acf_changed":false,"footnotes":""},"class_list":["post-525","page","type-page","status-publish","hentry"],"acf":[],"_links":{"self":[{"href":"https:\/\/www.vagodent.ee\/fi\/wp-json\/wp\/v2\/pages\/525","targetHints":{"allow":["GET"]}}],"collection":[{"href":"https:\/\/www.vagodent.ee\/fi\/wp-json\/wp\/v2\/pages"}],"about":[{"href":"https:\/\/www.vagodent.ee\/fi\/wp-json\/wp\/v2\/types\/page"}],"author":[{"embeddable":true,"href":"https:\/\/www.vagodent.ee\/fi\/wp-json\/wp\/v2\/users\/1"}],"replies":[{"embeddable":true,"href":"https:\/\/www.vagodent.ee\/fi\/wp-json\/wp\/v2\/comments?post=525"}],"version-history":[{"count":20,"href":"https:\/\/www.vagodent.ee\/fi\/wp-json\/wp\/v2\/pages\/525\/revisions"}],"predecessor-version":[{"id":2443,"href":"https:\/\/www.vagodent.ee\/fi\/wp-json\/wp\/v2\/pages\/525\/revisions\/2443"}],"wp:attachment":[{"href":"https:\/\/www.vagodent.ee\/fi\/wp-json\/wp\/v2\/media?parent=525"}],"curies":[{"name":"wp","href":"https:\/\/api.w.org\/{rel}","templated":true}]}}