{"id":522,"date":"2019-03-30T06:51:36","date_gmt":"2019-03-30T04:51:36","guid":{"rendered":"https:\/\/www.vagodent.ee\/palvelut\/"},"modified":"2023-04-18T12:17:07","modified_gmt":"2023-04-18T09:17:07","slug":"palvelut","status":"publish","type":"page","link":"https:\/\/www.vagodent.ee\/fi\/palvelut\/","title":{"rendered":"Palvelut"},"content":{"rendered":"<p>[vc_row][vc_column width=&#8221;1\/2&#8243;][vc_column_text]<\/p>\n<ul>\n<li>Hammaskarieksen ennaltaehk\u00e4isy<\/li>\n<li>Hampaiden sooda-helmipuhdistus<\/li>\n<li>Hammaskiven poisto<\/li>\n<li>Hampaiden hoito<\/li>\n<li>Hampaiden hoito mikroskoopilla<\/li>\n<li>Juurihoito<\/li>\n<li>Hampaan poisto<\/li>\n<\/ul>\n<p>[\/vc_column_text][\/vc_column][vc_column width=&#8221;1\/2&#8243;][vc_column_text]<\/p>\n<ul>\n<li>Polikliininen kirurgia<\/li>\n<li>Ienten hoito<\/li>\n<li>Laminaattien asennus<\/li>\n<li>Hammasproteesit<\/li>\n<li>Implanttien asennus<\/li>\n<li>Hammaskorujen kiinnitt\u00e4minen<\/li>\n<li>Oikomishoito<\/li>\n<li>Myofunktionaalinen terapia<\/li>\n<\/ul>\n<p>[\/vc_column_text][\/vc_column][\/vc_row][vc_row][vc_column width=&#8221;1\/2&#8243;][vc_column_text]<\/p>\n<ul>\n<li>Viron terveyskassan (Tervisekassa) vakuuttamien<strong>\u00a0<\/strong><strong>alle 19-vuotiaiden lasten hammashoidon <\/strong>maksaa Tervisekassa, k\u00e4yntimaksu 5 \u20ac.<\/li>\n<\/ul>\n<p>[\/vc_column_text][\/vc_column][vc_column width=&#8221;1\/2&#8243;][vc_column_text]<\/p>\n<ul>\n<li>Tervisekassa maksaa el\u00e4kel\u00e4isten <strong>proteesit\u00f6ist\u00e4<\/strong>\u00a0260,00 EUR kolmessa vuodessa.<\/li>\n<li><strong>Yli 19-vuotiaat vakuutetut<\/strong><strong>\u00a0<\/strong>henkil\u00f6t saavat Tervisekassan my\u00f6nt\u00e4m\u00e4\u00e4 hammashoitotukea.<\/li>\n<\/ul>\n<p>[\/vc_column_text][\/vc_column][\/vc_row]<\/p>\n","protected":false},"excerpt":{"rendered":"<p>[vc_row][vc_column width=&#8221;1\/2&#8243;][vc_column_text] Hammaskarieksen ennaltaehk\u00e4isy Hampaiden sooda-helmipuhdistus Hammaskiven poisto Hampaiden hoito Hampaiden hoito mikroskoopilla Juurihoito Hampaan poisto [\/vc_column_text][\/vc_column][vc_column width=&#8221;1\/2&#8243;][vc_column_text] Polikliininen kirurgia Ienten hoito Laminaattien asennus Hammasproteesit Implanttien asennus Hammaskorujen kiinnitt\u00e4minen Oikomishoito Myofunktionaalinen terapia [\/vc_column_text][\/vc_column][\/vc_row][vc_row][vc_column width=&#8221;1\/2&#8243;][vc_column_text] Viron terveyskassan (Tervisekassa) vakuuttamien\u00a0alle 19-vuotiaiden lasten hammashoidon maksaa Tervisekassa, k\u00e4yntimaksu 5 \u20ac. [\/vc_column_text][\/vc_column][vc_column width=&#8221;1\/2&#8243;][vc_column_text] Tervisekassa maksaa el\u00e4kel\u00e4isten proteesit\u00f6ist\u00e4\u00a0260,00 EUR kolmessa vuodessa. [&hellip;]<\/p>\n","protected":false},"author":1,"featured_media":0,"parent":0,"menu_order":0,"comment_status":"closed","ping_status":"closed","template":"","meta":{"_acf_changed":false,"footnotes":""},"class_list":["post-522","page","type-page","status-publish","hentry"],"acf":[],"_links":{"self":[{"href":"https:\/\/www.vagodent.ee\/fi\/wp-json\/wp\/v2\/pages\/522","targetHints":{"allow":["GET"]}}],"collection":[{"href":"https:\/\/www.vagodent.ee\/fi\/wp-json\/wp\/v2\/pages"}],"about":[{"href":"https:\/\/www.vagodent.ee\/fi\/wp-json\/wp\/v2\/types\/page"}],"author":[{"embeddable":true,"href":"https:\/\/www.vagodent.ee\/fi\/wp-json\/wp\/v2\/users\/1"}],"replies":[{"embeddable":true,"href":"https:\/\/www.vagodent.ee\/fi\/wp-json\/wp\/v2\/comments?post=522"}],"version-history":[{"count":8,"href":"https:\/\/www.vagodent.ee\/fi\/wp-json\/wp\/v2\/pages\/522\/revisions"}],"predecessor-version":[{"id":1773,"href":"https:\/\/www.vagodent.ee\/fi\/wp-json\/wp\/v2\/pages\/522\/revisions\/1773"}],"wp:attachment":[{"href":"https:\/\/www.vagodent.ee\/fi\/wp-json\/wp\/v2\/media?parent=522"}],"curies":[{"name":"wp","href":"https:\/\/api.w.org\/{rel}","templated":true}]}}