{"id":521,"date":"2019-03-30T06:49:26","date_gmt":"2019-03-30T04:49:26","guid":{"rendered":"https:\/\/www.vagodent.ee\/vagodent-hambakliinik\/"},"modified":"2019-03-30T07:24:38","modified_gmt":"2019-03-30T05:24:38","slug":"vagodent-hambakliinik","status":"publish","type":"page","link":"https:\/\/www.vagodent.ee\/fi\/vagodent-hambakliinik\/","title":{"rendered":"Vagodent Hambakliinik"},"content":{"rendered":"<p>Vuonna 1992 avatulla hammasklinikalla potilaista huolehtivat hammashoidon eri osa-alueisiin erikoistuneet l\u00e4\u00e4k\u00e4rit, jotka tekev\u00e4t tiivist\u00e4 yhteisty\u00f6t\u00e4 parhaan hoitotuloksen saavuttamiseksi.<\/p>\n<p>L\u00e4hes 30 hammasl\u00e4\u00e4k\u00e4rist\u00e4 ja apulaisesta koostuvan henkil\u00f6kunnan k\u00e4yt\u00f6ss\u00e4 ovat nykyaikainen hammashoitotekniikka sek\u00e4 erityisesti hammashoitoa varten sisustetut tilat.<\/p>\n<p>Olemme luoneet kaikki edellytykset sille, ett\u00e4 potilaamme voisivat keskitty\u00e4 rauhassa parhaan ja jatkuvan hoidon saamiseen niin s\u00e4\u00e4nn\u00f6llisiss\u00e4 tarkastuksissa kuin my\u00f6s \u00e4killisess\u00e4 ja kiireellist\u00e4 hoitoa vaativassa ongelmassa.<\/p>\n<p>Vagodent Hambakliinik sijaitsee Tallinnassa, osoitteessa S\u00fctiste tee 17 sijaitsevan hoitokompleksin ensimm\u00e4isess\u00e4 kerroksessa ja sinne p\u00e4\u00e4see hyvin sek\u00e4 autolla ett\u00e4 julkisilla liikennev\u00e4lineill\u00e4.<\/p>\n","protected":false},"excerpt":{"rendered":"<p>Vuonna 1992 avatulla hammasklinikalla potilaista huolehtivat hammashoidon eri osa-alueisiin erikoistuneet l\u00e4\u00e4k\u00e4rit, jotka tekev\u00e4t tiivist\u00e4 yhteisty\u00f6t\u00e4 parhaan hoitotuloksen saavuttamiseksi. L\u00e4hes 30 hammasl\u00e4\u00e4k\u00e4rist\u00e4 ja apulaisesta koostuvan henkil\u00f6kunnan k\u00e4yt\u00f6ss\u00e4 ovat nykyaikainen hammashoitotekniikka sek\u00e4 erityisesti hammashoitoa varten sisustetut tilat. Olemme luoneet kaikki edellytykset sille, ett\u00e4 potilaamme voisivat keskitty\u00e4 rauhassa parhaan ja jatkuvan hoidon saamiseen niin s\u00e4\u00e4nn\u00f6llisiss\u00e4 tarkastuksissa kuin my\u00f6s [&hellip;]<\/p>\n","protected":false},"author":1,"featured_media":0,"parent":0,"menu_order":0,"comment_status":"closed","ping_status":"closed","template":"fullwidth-template.php","meta":{"_acf_changed":false,"footnotes":""},"class_list":["post-521","page","type-page","status-publish","hentry"],"acf":[],"_links":{"self":[{"href":"https:\/\/www.vagodent.ee\/fi\/wp-json\/wp\/v2\/pages\/521","targetHints":{"allow":["GET"]}}],"collection":[{"href":"https:\/\/www.vagodent.ee\/fi\/wp-json\/wp\/v2\/pages"}],"about":[{"href":"https:\/\/www.vagodent.ee\/fi\/wp-json\/wp\/v2\/types\/page"}],"author":[{"embeddable":true,"href":"https:\/\/www.vagodent.ee\/fi\/wp-json\/wp\/v2\/users\/1"}],"replies":[{"embeddable":true,"href":"https:\/\/www.vagodent.ee\/fi\/wp-json\/wp\/v2\/comments?post=521"}],"version-history":[{"count":1,"href":"https:\/\/www.vagodent.ee\/fi\/wp-json\/wp\/v2\/pages\/521\/revisions"}],"predecessor-version":[{"id":542,"href":"https:\/\/www.vagodent.ee\/fi\/wp-json\/wp\/v2\/pages\/521\/revisions\/542"}],"wp:attachment":[{"href":"https:\/\/www.vagodent.ee\/fi\/wp-json\/wp\/v2\/media?parent=521"}],"curies":[{"name":"wp","href":"https:\/\/api.w.org\/{rel}","templated":true}]}}